{"id":124,"date":"2025-05-17T18:49:26","date_gmt":"2025-05-17T18:49:26","guid":{"rendered":"https:\/\/rivierahotelmenorca.com\/?page_id=124"},"modified":"2025-09-22T16:01:16","modified_gmt":"2025-09-22T16:01:16","slug":"rooms","status":"publish","type":"page","link":"https:\/\/rivierahotelmenorca.com\/es\/rooms\/","title":{"rendered":"Rooms and suites"},"content":{"rendered":"<p><\/p>\n<p data-start=\"102\" data-end=\"457\">Sum\u00e9rgete en la Dolce Vita italiana a trav\u00e9s del encanto de nuestras habitaciones y suites. So\u00f1ando despierto como si estuvieras en una de las pelis de Fellini (o Sorrentino, si lo prefieres).<\/p>\n<p><\/p>","protected":false},"excerpt":{"rendered":"<p>Sum\u00e9rgete en la Dolce Vita italiana a trav\u00e9s del encanto de nuestras habitaciones y suites. So\u00f1ando despierto como si estuvieras en una de las pelis de Fellini (o Sorrentino, si lo prefieres).<\/p>\n","protected":false},"author":1,"featured_media":0,"parent":0,"menu_order":1,"comment_status":"closed","ping_status":"closed","template":"templates\/template_rooms.php","meta":{"inline_featured_image":false,"footnotes":""},"class_list":["post-124","page","type-page","status-publish","hentry"],"_links":{"self":[{"href":"https:\/\/rivierahotelmenorca.com\/es\/wp-json\/wp\/v2\/pages\/124","targetHints":{"allow":["GET"]}}],"collection":[{"href":"https:\/\/rivierahotelmenorca.com\/es\/wp-json\/wp\/v2\/pages"}],"about":[{"href":"https:\/\/rivierahotelmenorca.com\/es\/wp-json\/wp\/v2\/types\/page"}],"author":[{"embeddable":true,"href":"https:\/\/rivierahotelmenorca.com\/es\/wp-json\/wp\/v2\/users\/1"}],"replies":[{"embeddable":true,"href":"https:\/\/rivierahotelmenorca.com\/es\/wp-json\/wp\/v2\/comments?post=124"}],"version-history":[{"count":38,"href":"https:\/\/rivierahotelmenorca.com\/es\/wp-json\/wp\/v2\/pages\/124\/revisions"}],"predecessor-version":[{"id":802,"href":"https:\/\/rivierahotelmenorca.com\/es\/wp-json\/wp\/v2\/pages\/124\/revisions\/802"}],"wp:attachment":[{"href":"https:\/\/rivierahotelmenorca.com\/es\/wp-json\/wp\/v2\/media?parent=124"}],"curies":[{"name":"wp","href":"https:\/\/api.w.org\/{rel}","templated":true}]}}