{"id":280,"date":"2025-05-22T20:40:51","date_gmt":"2025-05-22T20:40:51","guid":{"rendered":"https:\/\/rivierahotelmenorca.com\/?page_id=280"},"modified":"2025-09-25T08:06:27","modified_gmt":"2025-09-25T08:06:27","slug":"rooftop","status":"publish","type":"page","link":"https:\/\/rivierahotelmenorca.com\/es\/rooftop\/","title":{"rendered":"Rooftop"},"content":{"rendered":"<p><\/p>\n<p data-start=\"214\" data-end=\"477\">Admira la inmensidad del mar Mediterr\u00e1neo desde la azotea de Riviera, tu rinc\u00f3n privilegiado. Nuestro rooftop es un espacio camale\u00f3nico, dise\u00f1ado para transformarse seg\u00fan la ocasi\u00f3n: desde un \u00edntimo encuentro privado hasta un evento vibrante bajo el cielo abierto de Ciutadella.<\/p>\n<p><\/p>","protected":false},"excerpt":{"rendered":"<p>Admira la inmensidad del mar Mediterr\u00e1neo desde la azotea de Riviera, tu rinc\u00f3n privilegiado. Nuestro rooftop es un espacio camale\u00f3nico, dise\u00f1ado para transformarse seg\u00fan la ocasi\u00f3n: desde un \u00edntimo encuentro privado hasta un evento vibrante bajo el cielo abierto de Ciutadella.<\/p>\n","protected":false},"author":1,"featured_media":0,"parent":0,"menu_order":3,"comment_status":"closed","ping_status":"closed","template":"templates\/template_rooftop.php","meta":{"inline_featured_image":false,"footnotes":""},"class_list":["post-280","page","type-page","status-publish","hentry"],"_links":{"self":[{"href":"https:\/\/rivierahotelmenorca.com\/es\/wp-json\/wp\/v2\/pages\/280","targetHints":{"allow":["GET"]}}],"collection":[{"href":"https:\/\/rivierahotelmenorca.com\/es\/wp-json\/wp\/v2\/pages"}],"about":[{"href":"https:\/\/rivierahotelmenorca.com\/es\/wp-json\/wp\/v2\/types\/page"}],"author":[{"embeddable":true,"href":"https:\/\/rivierahotelmenorca.com\/es\/wp-json\/wp\/v2\/users\/1"}],"replies":[{"embeddable":true,"href":"https:\/\/rivierahotelmenorca.com\/es\/wp-json\/wp\/v2\/comments?post=280"}],"version-history":[{"count":32,"href":"https:\/\/rivierahotelmenorca.com\/es\/wp-json\/wp\/v2\/pages\/280\/revisions"}],"predecessor-version":[{"id":853,"href":"https:\/\/rivierahotelmenorca.com\/es\/wp-json\/wp\/v2\/pages\/280\/revisions\/853"}],"wp:attachment":[{"href":"https:\/\/rivierahotelmenorca.com\/es\/wp-json\/wp\/v2\/media?parent=280"}],"curies":[{"name":"wp","href":"https:\/\/api.w.org\/{rel}","templated":true}]}}