{"id":330,"date":"2025-05-23T03:25:16","date_gmt":"2025-05-23T03:25:16","guid":{"rendered":"https:\/\/rivierahotelmenorca.com\/?page_id=330"},"modified":"2025-09-26T10:52:33","modified_gmt":"2025-09-26T10:52:33","slug":"pool-bar","status":"publish","type":"page","link":"https:\/\/rivierahotelmenorca.com\/es\/pool-bar\/","title":{"rendered":"Pool Bar"},"content":{"rendered":"<p>El secreto mejor guardado de Ciutadella no est\u00e1 en sus callejuelas, sino en nuestro patio. All\u00ed, escondida como un tesoro, la piscina os espera bajo el sol menorqu\u00edn. El escenario perfecto para tumbarse en una cama balinesa, pedir un c\u00f3ctel bien fr\u00edo y dejar que el tiempo se derrita entre risas y chapuzones.<\/p>\n<p data-start=\"145\" data-end=\"508\">\n<p data-start=\"145\" data-end=\"508\">\n<p><\/p>","protected":false},"excerpt":{"rendered":"<p>El secreto mejor guardado de Ciutadella no est\u00e1 en sus callejuelas, sino en nuestro patio. All\u00ed, escondida como un tesoro, la piscina os espera bajo el sol menorqu\u00edn. El escenario perfecto para tumbarse en una cama balinesa, pedir un c\u00f3ctel bien fr\u00edo y dejar que el tiempo se derrita entre risas y chapuzones.<\/p>\n","protected":false},"author":1,"featured_media":0,"parent":0,"menu_order":2,"comment_status":"closed","ping_status":"closed","template":"templates\/template_poolbar.php","meta":{"inline_featured_image":false,"footnotes":""},"class_list":["post-330","page","type-page","status-publish","hentry"],"_links":{"self":[{"href":"https:\/\/rivierahotelmenorca.com\/es\/wp-json\/wp\/v2\/pages\/330","targetHints":{"allow":["GET"]}}],"collection":[{"href":"https:\/\/rivierahotelmenorca.com\/es\/wp-json\/wp\/v2\/pages"}],"about":[{"href":"https:\/\/rivierahotelmenorca.com\/es\/wp-json\/wp\/v2\/types\/page"}],"author":[{"embeddable":true,"href":"https:\/\/rivierahotelmenorca.com\/es\/wp-json\/wp\/v2\/users\/1"}],"replies":[{"embeddable":true,"href":"https:\/\/rivierahotelmenorca.com\/es\/wp-json\/wp\/v2\/comments?post=330"}],"version-history":[{"count":61,"href":"https:\/\/rivierahotelmenorca.com\/es\/wp-json\/wp\/v2\/pages\/330\/revisions"}],"predecessor-version":[{"id":909,"href":"https:\/\/rivierahotelmenorca.com\/es\/wp-json\/wp\/v2\/pages\/330\/revisions\/909"}],"wp:attachment":[{"href":"https:\/\/rivierahotelmenorca.com\/es\/wp-json\/wp\/v2\/media?parent=330"}],"curies":[{"name":"wp","href":"https:\/\/api.w.org\/{rel}","templated":true}]}}