{"id":7,"date":"2025-05-15T17:55:37","date_gmt":"2025-05-15T17:55:37","guid":{"rendered":"https:\/\/rivierahotelmenorca.com\/?page_id=7"},"modified":"2025-10-01T09:57:55","modified_gmt":"2025-10-01T09:57:55","slug":"home","status":"publish","type":"page","link":"https:\/\/rivierahotelmenorca.com\/es\/","title":{"rendered":"Home"},"content":{"rendered":"<p><img loading=\"lazy\" decoding=\"async\" class=\"alignnone size-medium wp-image-298\" src=\"https:\/\/rivierahotelmenorca.com\/wp-content\/uploads\/2025\/05\/Riviera.svg\" alt=\"\" width=\"300\" height=\"300\" \/>es un hotel boutique de 14 habitaciones, ubicado en el coraz\u00f3n de Ciutadella, Menorca. Un hotelito que remite a la nostalgia y al encanto de una \u00e9poca dorada. Rodeado de color, gui\u00f1os retro y un dise\u00f1o modernista, evoca la elegancia y el glamour de los a\u00f1os 60. Benvenuti a Riviera, un nuevo lugar de encuentro donde te haremos sentir como en casa.<\/p>","protected":false},"excerpt":{"rendered":"<p>es un hotel boutique de 14 habitaciones, ubicado en el coraz\u00f3n de Ciutadella, Menorca. Un hotelito que remite a la nostalgia y al encanto de una \u00e9poca dorada. Rodeado de color, gui\u00f1os retro y un dise\u00f1o modernista, evoca la elegancia y el glamour de los a\u00f1os 60. Benvenuti a Riviera, un nuevo lugar de encuentro &hellip; <a href=\"https:\/\/rivierahotelmenorca.com\/es\/\" class=\"more-link\">Continue reading <span class=\"screen-reader-text\">Home<\/span><\/a><\/p>\n","protected":false},"author":1,"featured_media":549,"parent":0,"menu_order":0,"comment_status":"closed","ping_status":"closed","template":"templates\/template_home.php","meta":{"inline_featured_image":false,"footnotes":""},"class_list":["post-7","page","type-page","status-publish","has-post-thumbnail","hentry"],"_links":{"self":[{"href":"https:\/\/rivierahotelmenorca.com\/es\/wp-json\/wp\/v2\/pages\/7","targetHints":{"allow":["GET"]}}],"collection":[{"href":"https:\/\/rivierahotelmenorca.com\/es\/wp-json\/wp\/v2\/pages"}],"about":[{"href":"https:\/\/rivierahotelmenorca.com\/es\/wp-json\/wp\/v2\/types\/page"}],"author":[{"embeddable":true,"href":"https:\/\/rivierahotelmenorca.com\/es\/wp-json\/wp\/v2\/users\/1"}],"replies":[{"embeddable":true,"href":"https:\/\/rivierahotelmenorca.com\/es\/wp-json\/wp\/v2\/comments?post=7"}],"version-history":[{"count":124,"href":"https:\/\/rivierahotelmenorca.com\/es\/wp-json\/wp\/v2\/pages\/7\/revisions"}],"predecessor-version":[{"id":867,"href":"https:\/\/rivierahotelmenorca.com\/es\/wp-json\/wp\/v2\/pages\/7\/revisions\/867"}],"wp:featuredmedia":[{"embeddable":true,"href":"https:\/\/rivierahotelmenorca.com\/es\/wp-json\/wp\/v2\/media\/549"}],"wp:attachment":[{"href":"https:\/\/rivierahotelmenorca.com\/es\/wp-json\/wp\/v2\/media?parent=7"}],"curies":[{"name":"wp","href":"https:\/\/api.w.org\/{rel}","templated":true}]}}