{"id":321,"date":"2025-05-23T01:14:44","date_gmt":"2025-05-23T01:14:44","guid":{"rendered":"https:\/\/rivierahotelmenorca.com\/?page_id=321"},"modified":"2025-09-25T16:07:36","modified_gmt":"2025-09-25T16:07:36","slug":"events","status":"publish","type":"page","link":"https:\/\/rivierahotelmenorca.com\/fr\/events\/","title":{"rendered":"Events"},"content":{"rendered":"<p>Nos espaces adaptables peuvent \u00eatre personnalis\u00e9s pour donner vie \u00e0 votre vision. Soir\u00e9e chic au bord de la piscine ou retraite bien-\u00eatre dans la s\u00e9r\u00e9nit\u00e9 de notre studio sur le toit&#8230; Notre \u00e9quipe sera attentive \u00e0 chaque d\u00e9tail.<\/p>","protected":false},"excerpt":{"rendered":"<p>Nos espaces adaptables peuvent \u00eatre personnalis\u00e9s pour donner vie \u00e0 votre vision. Soir\u00e9e chic au bord de la piscine ou retraite bien-\u00eatre dans la s\u00e9r\u00e9nit\u00e9 de notre studio sur le toit&#8230; Notre \u00e9quipe sera attentive \u00e0 chaque d\u00e9tail.<\/p>\n","protected":false},"author":1,"featured_media":0,"parent":0,"menu_order":5,"comment_status":"closed","ping_status":"closed","template":"templates\/template_events.php","meta":{"inline_featured_image":false,"footnotes":""},"class_list":["post-321","page","type-page","status-publish","hentry"],"_links":{"self":[{"href":"https:\/\/rivierahotelmenorca.com\/fr\/wp-json\/wp\/v2\/pages\/321","targetHints":{"allow":["GET"]}}],"collection":[{"href":"https:\/\/rivierahotelmenorca.com\/fr\/wp-json\/wp\/v2\/pages"}],"about":[{"href":"https:\/\/rivierahotelmenorca.com\/fr\/wp-json\/wp\/v2\/types\/page"}],"author":[{"embeddable":true,"href":"https:\/\/rivierahotelmenorca.com\/fr\/wp-json\/wp\/v2\/users\/1"}],"replies":[{"embeddable":true,"href":"https:\/\/rivierahotelmenorca.com\/fr\/wp-json\/wp\/v2\/comments?post=321"}],"version-history":[{"count":21,"href":"https:\/\/rivierahotelmenorca.com\/fr\/wp-json\/wp\/v2\/pages\/321\/revisions"}],"predecessor-version":[{"id":886,"href":"https:\/\/rivierahotelmenorca.com\/fr\/wp-json\/wp\/v2\/pages\/321\/revisions\/886"}],"wp:attachment":[{"href":"https:\/\/rivierahotelmenorca.com\/fr\/wp-json\/wp\/v2\/media?parent=321"}],"curies":[{"name":"wp","href":"https:\/\/api.w.org\/{rel}","templated":true}]}}