{"id":330,"date":"2025-05-23T03:25:16","date_gmt":"2025-05-23T03:25:16","guid":{"rendered":"https:\/\/rivierahotelmenorca.com\/?page_id=330"},"modified":"2025-09-26T10:52:33","modified_gmt":"2025-09-26T10:52:33","slug":"pool-bar","status":"publish","type":"page","link":"https:\/\/rivierahotelmenorca.com\/fr\/pool-bar\/","title":{"rendered":"Pool Bar"},"content":{"rendered":"<p><\/p>\n<p class=\"p1\">Le c\u0153ur de l\u2019h\u00f4tel Riviera abrite un oasis \u00e0 l\u2019ambiance p\u00e9tillante\u00a0: notre piscine. Elle incarne tout le charme classique de la M\u00e9diterran\u00e9e qui a inspir\u00e9 notre nom. Lignes \u00e9pur\u00e9es, palmiers \u00e9meraude, sophistication et d\u00e9sinvolture.<\/p>\n<p><\/p>","protected":false},"excerpt":{"rendered":"<p>Le c\u0153ur de l\u2019h\u00f4tel Riviera abrite un oasis \u00e0 l\u2019ambiance p\u00e9tillante\u00a0: notre piscine. Elle incarne tout le charme classique de la M\u00e9diterran\u00e9e qui a inspir\u00e9 notre nom. Lignes \u00e9pur\u00e9es, palmiers \u00e9meraude, sophistication et d\u00e9sinvolture.<\/p>\n","protected":false},"author":1,"featured_media":0,"parent":0,"menu_order":2,"comment_status":"closed","ping_status":"closed","template":"templates\/template_poolbar.php","meta":{"inline_featured_image":false,"footnotes":""},"class_list":["post-330","page","type-page","status-publish","hentry"],"_links":{"self":[{"href":"https:\/\/rivierahotelmenorca.com\/fr\/wp-json\/wp\/v2\/pages\/330","targetHints":{"allow":["GET"]}}],"collection":[{"href":"https:\/\/rivierahotelmenorca.com\/fr\/wp-json\/wp\/v2\/pages"}],"about":[{"href":"https:\/\/rivierahotelmenorca.com\/fr\/wp-json\/wp\/v2\/types\/page"}],"author":[{"embeddable":true,"href":"https:\/\/rivierahotelmenorca.com\/fr\/wp-json\/wp\/v2\/users\/1"}],"replies":[{"embeddable":true,"href":"https:\/\/rivierahotelmenorca.com\/fr\/wp-json\/wp\/v2\/comments?post=330"}],"version-history":[{"count":61,"href":"https:\/\/rivierahotelmenorca.com\/fr\/wp-json\/wp\/v2\/pages\/330\/revisions"}],"predecessor-version":[{"id":909,"href":"https:\/\/rivierahotelmenorca.com\/fr\/wp-json\/wp\/v2\/pages\/330\/revisions\/909"}],"wp:attachment":[{"href":"https:\/\/rivierahotelmenorca.com\/fr\/wp-json\/wp\/v2\/media?parent=330"}],"curies":[{"name":"wp","href":"https:\/\/api.w.org\/{rel}","templated":true}]}}