{"id":607,"date":"2025-08-19T22:44:37","date_gmt":"2025-08-19T22:44:37","guid":{"rendered":"https:\/\/rivierahotelmenorca.com\/faq-2\/"},"modified":"2025-11-24T07:06:02","modified_gmt":"2025-11-24T07:06:02","slug":"privacy-policy","status":"publish","type":"page","link":"https:\/\/rivierahotelmenorca.com\/fr\/privacy-policy\/","title":{"rendered":"Privacy Policy"},"content":{"rendered":"<p class=\"qtranxs-available-languages-message qtranxs-available-languages-message-fr\">D\u00e9sol\u00e9, cet article est seulement disponible en <a href=\"https:\/\/rivierahotelmenorca.com\/en\/wp-json\/wp\/v2\/pages\/607\" class=\"qtranxs-available-language-link qtranxs-available-language-link-en\" title=\"English\">English<\/a>, <a href=\"https:\/\/rivierahotelmenorca.com\/es\/wp-json\/wp\/v2\/pages\/607\" class=\"qtranxs-available-language-link qtranxs-available-language-link-es\" title=\"Espa\u00f1ol\">Espa\u00f1ol<\/a> et <a href=\"https:\/\/rivierahotelmenorca.com\/it\/wp-json\/wp\/v2\/pages\/607\" class=\"qtranxs-available-language-link qtranxs-available-language-link-it\" title=\"Italiano\">Italiano<\/a>.<\/p>","protected":false},"excerpt":{"rendered":"<p>D\u00e9sol\u00e9, cet article est seulement disponible en English, Espa\u00f1ol et Italiano.<\/p>\n","protected":false},"author":1,"featured_media":0,"parent":0,"menu_order":9,"comment_status":"closed","ping_status":"closed","template":"templates\/template_legal.php","meta":{"inline_featured_image":false,"footnotes":""},"class_list":["post-607","page","type-page","status-publish","hentry"],"_links":{"self":[{"href":"https:\/\/rivierahotelmenorca.com\/fr\/wp-json\/wp\/v2\/pages\/607","targetHints":{"allow":["GET"]}}],"collection":[{"href":"https:\/\/rivierahotelmenorca.com\/fr\/wp-json\/wp\/v2\/pages"}],"about":[{"href":"https:\/\/rivierahotelmenorca.com\/fr\/wp-json\/wp\/v2\/types\/page"}],"author":[{"embeddable":true,"href":"https:\/\/rivierahotelmenorca.com\/fr\/wp-json\/wp\/v2\/users\/1"}],"replies":[{"embeddable":true,"href":"https:\/\/rivierahotelmenorca.com\/fr\/wp-json\/wp\/v2\/comments?post=607"}],"version-history":[{"count":20,"href":"https:\/\/rivierahotelmenorca.com\/fr\/wp-json\/wp\/v2\/pages\/607\/revisions"}],"predecessor-version":[{"id":885,"href":"https:\/\/rivierahotelmenorca.com\/fr\/wp-json\/wp\/v2\/pages\/607\/revisions\/885"}],"wp:attachment":[{"href":"https:\/\/rivierahotelmenorca.com\/fr\/wp-json\/wp\/v2\/media?parent=607"}],"curies":[{"name":"wp","href":"https:\/\/api.w.org\/{rel}","templated":true}]}}