{"id":7,"date":"2025-05-15T17:55:37","date_gmt":"2025-05-15T17:55:37","guid":{"rendered":"https:\/\/rivierahotelmenorca.com\/?page_id=7"},"modified":"2025-10-01T09:57:55","modified_gmt":"2025-10-01T09:57:55","slug":"home","status":"publish","type":"page","link":"https:\/\/rivierahotelmenorca.com\/fr\/","title":{"rendered":"Home"},"content":{"rendered":"<p><img loading=\"lazy\" decoding=\"async\" class=\"alignnone size-medium wp-image-298\" src=\"https:\/\/rivierahotelmenorca.com\/wp-content\/uploads\/2025\/05\/Riviera.svg\" alt=\"\" width=\"300\" height=\"300\" \/>est un h\u00f4tel-boutique de 14 chambres nich\u00e9 au c\u0153ur de Ciutadella, sur l\u2019\u00eele de Minorque. Dans un bel immeuble r\u00e9nov\u00e9 en bord de mer, il cultive l&rsquo;esprit des \u00e9t\u00e9s m\u00e9diterran\u00e9ens, en alliant avec audace charme classique et modernit\u00e9. Couleurs gaies, touches r\u00e9tro, design \u00e9pur\u00e9\u2026 Tout \u00e9voque l\u2019\u00e9l\u00e9gance d\u00e9contract\u00e9e et l\u2019atmosph\u00e8re dor\u00e9e des ann\u00e9es 60 sur la c\u00f4te.<\/p>","protected":false},"excerpt":{"rendered":"<p>est un h\u00f4tel-boutique de 14 chambres nich\u00e9 au c\u0153ur de Ciutadella, sur l\u2019\u00eele de Minorque. Dans un bel immeuble r\u00e9nov\u00e9 en bord de mer, il cultive l&rsquo;esprit des \u00e9t\u00e9s m\u00e9diterran\u00e9ens, en alliant avec audace charme classique et modernit\u00e9. Couleurs gaies, touches r\u00e9tro, design \u00e9pur\u00e9\u2026 Tout \u00e9voque l\u2019\u00e9l\u00e9gance d\u00e9contract\u00e9e et l\u2019atmosph\u00e8re dor\u00e9e des ann\u00e9es 60 sur &hellip; <a href=\"https:\/\/rivierahotelmenorca.com\/fr\/\" class=\"more-link\">Continue reading <span class=\"screen-reader-text\">Home<\/span><\/a><\/p>\n","protected":false},"author":1,"featured_media":549,"parent":0,"menu_order":0,"comment_status":"closed","ping_status":"closed","template":"templates\/template_home.php","meta":{"inline_featured_image":false,"footnotes":""},"class_list":["post-7","page","type-page","status-publish","has-post-thumbnail","hentry"],"_links":{"self":[{"href":"https:\/\/rivierahotelmenorca.com\/fr\/wp-json\/wp\/v2\/pages\/7","targetHints":{"allow":["GET"]}}],"collection":[{"href":"https:\/\/rivierahotelmenorca.com\/fr\/wp-json\/wp\/v2\/pages"}],"about":[{"href":"https:\/\/rivierahotelmenorca.com\/fr\/wp-json\/wp\/v2\/types\/page"}],"author":[{"embeddable":true,"href":"https:\/\/rivierahotelmenorca.com\/fr\/wp-json\/wp\/v2\/users\/1"}],"replies":[{"embeddable":true,"href":"https:\/\/rivierahotelmenorca.com\/fr\/wp-json\/wp\/v2\/comments?post=7"}],"version-history":[{"count":124,"href":"https:\/\/rivierahotelmenorca.com\/fr\/wp-json\/wp\/v2\/pages\/7\/revisions"}],"predecessor-version":[{"id":867,"href":"https:\/\/rivierahotelmenorca.com\/fr\/wp-json\/wp\/v2\/pages\/7\/revisions\/867"}],"wp:featuredmedia":[{"embeddable":true,"href":"https:\/\/rivierahotelmenorca.com\/fr\/wp-json\/wp\/v2\/media\/549"}],"wp:attachment":[{"href":"https:\/\/rivierahotelmenorca.com\/fr\/wp-json\/wp\/v2\/media?parent=7"}],"curies":[{"name":"wp","href":"https:\/\/api.w.org\/{rel}","templated":true}]}}